{"id":640,"date":"2017-11-15T11:20:59","date_gmt":"2017-11-15T11:20:59","guid":{"rendered":"http:\/\/forriders.es\/condiciones\/"},"modified":"2018-01-09T08:51:17","modified_gmt":"2018-01-09T08:51:17","slug":"terms-conditions","status":"publish","type":"page","link":"https:\/\/forriders.es\/en\/terms-conditions\/","title":{"rendered":"Terms &#038; Conditions"},"content":{"rendered":"<p>[et_pb_section fb_built=&#8221;1&#8243; admin_label=&#8221;section&#8221; _builder_version=&#8221;3.0.47&#8243;][et_pb_row admin_label=&#8221;row&#8221; _builder_version=&#8221;3.0.47&#8243; background_size=&#8221;initial&#8221; background_position=&#8221;top_left&#8221; background_repeat=&#8221;repeat&#8221;][et_pb_column type=&#8221;4_4&#8243; _builder_version=&#8221;3.0.47&#8243; parallax=&#8221;off&#8221; parallax_method=&#8221;on&#8221;][et_pb_text admin_label=&#8221;Text&#8221; _builder_version=&#8221;3.0.71&#8243; background_size=&#8221;initial&#8221; background_position=&#8221;top_left&#8221; background_repeat=&#8221;repeat&#8221;]<\/p>\n<h1>TERMS &amp; CONDITIONS<\/h1>\n<h2>RETURN POLICY<\/h2>\n<div>\n<p>In For Riders Bike Shop we are concerned about the satisfaction of our customers. If for some reason you are not fully satisfied with your purchase, you have a period of 15 days to return the product and exchange it for any other product of the store, as long as you meet the following conditions:<\/p>\n<ol>\n<li>Products must be returned intact; They can not be used or damaged.<\/li>\n<li>Products must carry the identifying labels and must be attached to the product.<\/li>\n<li>Products will be returned in their original packaging.<\/li>\n<\/ol>\n<h2><\/h2>\n<h2>WARRANTY<\/h2>\n<\/div>\n<div>\n<p>The customers of For Riders Bike Shop benefit from the warranty given by the different manufacturers of each of the items.<br \/>Defects or damage due to incorrect use or handling of material or wear caused by normal use thereof, are not included in this warranty.<br \/>Losses in the functionality of the items, due to the limitations of their design, are also excluded from the coverage of this warranty.<\/p>\n<\/div>\n<h2><\/h2>\n<h2><\/h2>\n<h2>Legal<\/h2>\n<p>Any inappropriate content and \/ or that violates any law in this web page, communicate it to us at <a href=\"mailto:forridersshop@live.com\">forridersshop@live.com<\/a> and it will be removed immediately.<\/p>\n<h2><\/h2>\n<h2><\/h2>\n<h2>Events<\/h2>\n<div>The Company FOR RIDERS BIKE SHOP and its manager Mr. Luis Javier Saura Paredes are not a company dedicated to events and as such are NOT responsible for the possible liabilities that may be incurred or occasioned in the course of events carried out under their name, or to be initiated in their facilities or periphery . Therefore, each person participating in the development of these bike trips will be the only ones responsible for the totality of the damages themselves and to third parties that they may cause, to respect the rules of the road and to maintain a civic attitude. With this public and visible communication on the networks, the company and its manager are exempt from any civil and criminal liability that someone would claim to attribute, for all legal purposes.<\/div>\n<p>[\/et_pb_text][\/et_pb_column][\/et_pb_row][\/et_pb_section]<\/p>\n<!-- AddThis Advanced Settings generic via filter on the_content --><!-- AddThis Share Buttons generic via filter on the_content -->","protected":false},"excerpt":{"rendered":"<p>TERMS &amp; CONDITIONS RETURN POLICY In For Riders Bike Shop we are concerned about the satisfaction of our customers. If for some reason you are not fully satisfied with your purchase, you have a period of 15 days to return the product and exchange it for any other product of the store, as long as [&hellip;]<\/p>\n<p><!-- AddThis Advanced Settings generic via filter on get_the_excerpt --><!-- AddThis Share Buttons generic via filter on get_the_excerpt --><\/p>\n","protected":false},"author":1,"featured_media":0,"parent":0,"menu_order":0,"comment_status":"closed","ping_status":"closed","template":"","meta":{"_et_pb_use_builder":"on","_et_pb_old_content":"<h2>Devoluciones<\/h2>\r\n<div>\r\n\r\nEn For Riders nos preocupa la satisfacci\u00f3n de nuestros clientes. Si por alguna raz\u00f3n no est\u00e1s plenamente satisfecho con tu compra, tienes un plazo de 15 d\u00edas para devolver el producto y cambiarlo por cualquier otro producto de la tienda, siempre y cuando cumplas con las siguientes condiciones:\r\n<ol>\r\n \t<li>Los productos deben devolverse intactos; no pueden estar usados ni da\u00f1ados.<\/li>\r\n \t<li>Los productos deber\u00e1n llevar las etiquetas identificadoras y deben estar sujetas al producto.<\/li>\r\n \t<li>Los productos se devolver\u00e1n en su embalaje original.<\/li>\r\n<\/ol>\r\n<h2><\/h2>\r\n<h2>Garant\u00eda<\/h2>\r\n<\/div>\r\n<div>\r\n\r\nLos clientes de For Riders se benefician de la Garant\u00eda dada por los distintos fabricantes de cada uno de los art\u00edculos.\r\n\r\nLos defectos o desperfectos debidos a una incorrecta utilizaci\u00f3n o manipulaci\u00f3n del material o los desgastes producidos por un uso normal del mismo, no se incluyen en esta garanc\u00eda.\r\n\r\nLas mermas en la funcionalidad de los art\u00edculos, debidas a las limitaciones de concepci\u00f3n de los mismos, tambi\u00e9n est\u00e1n excluidas de la cobertura de esta garant\u00eda.\r\n\r\n<\/div>\r\n<h2><\/h2>\r\n<h2>Legal<\/h2>\r\nCualquier contenido inadecuado y\/o que infrinja alguna ley de esta p\u00e1gina web, comun\u00edquenoslo a <a href=\"mailto:forridersshop@live.com\">forridersshop@live.com<\/a> y ser\u00e1 retirado de inmediato.\r\n<h2><\/h2>\r\n<h2>Eventos<\/h2>\r\n<div>La empresa FOR RIDERS BIKE SHOP y su gerente D. Luis Javier Saura Paredes no son una\r\nempresa dedicada a los eventos y como tal NO se hace responsable de las posibles\r\nresponsabilidades que se puedan incurrir u ocasionar en el transcurso de las quedadas, salidas\r\no eventos realizados con su nombre, o que se inicie en sus instalaciones o periferia. Por lo que\r\ncada persona participante en el desarrollo de estas salidas en bicicleta, ser\u00e1n las \u00fanicas\r\nresponsables de la totalidad de los da\u00f1os propios y a terceras personas que las mismas puedan\r\nocasionar, de respetar las normas de circulaci\u00f3n y mantener una actitud c\u00edvica. Con este\r\ncomunicado p\u00fablico y visible en las redes, la empresa y su gerente quedan exentas de\r\ncualquier responsabilidad civil y penal que se les quisiera atribuir, a todos los efectos legales\r\noportunos.<\/div>","_et_gb_content_width":"","_monsterinsights_skip_tracking":false,"_monsterinsights_sitenote_active":false,"_monsterinsights_sitenote_note":"","_monsterinsights_sitenote_category":0,"_joinchat":[]},"yoast_head":"<!-- This site is optimized with the Yoast SEO plugin v19.10 - https:\/\/yoast.com\/wordpress\/plugins\/seo\/ -->\n<title>Terms &amp; Conditions - For Riders<\/title>\n<meta name=\"robots\" content=\"index, follow, max-snippet:-1, max-image-preview:large, max-video-preview:-1\" \/>\n<link rel=\"canonical\" href=\"https:\/\/forriders.es\/en\/terms-conditions\/\" \/>\n<meta property=\"og:locale\" content=\"en_US\" \/>\n<meta property=\"og:type\" content=\"article\" \/>\n<meta property=\"og:title\" content=\"Terms &amp; Conditions - For Riders\" \/>\n<meta property=\"og:description\" content=\"TERMS &amp; CONDITIONS RETURN POLICY In For Riders Bike Shop we are concerned about the satisfaction of our customers. If for some reason you are not fully satisfied with your purchase, you have a period of 15 days to return the product and exchange it for any other product of the store, as long as [&hellip;]\" \/>\n<meta property=\"og:url\" content=\"https:\/\/forriders.es\/en\/terms-conditions\/\" \/>\n<meta property=\"og:site_name\" content=\"For Riders\" \/>\n<meta property=\"article:modified_time\" content=\"2018-01-09T08:51:17+00:00\" \/>\n<meta name=\"twitter:card\" content=\"summary_large_image\" \/>\n<meta name=\"twitter:label1\" content=\"Est. reading time\" \/>\n\t<meta name=\"twitter:data1\" content=\"2 minutes\" \/>\n<script type=\"application\/ld+json\" class=\"yoast-schema-graph\">{\"@context\":\"https:\/\/schema.org\",\"@graph\":[{\"@type\":\"WebPage\",\"@id\":\"https:\/\/forriders.es\/en\/terms-conditions\/\",\"url\":\"https:\/\/forriders.es\/en\/terms-conditions\/\",\"name\":\"Terms & Conditions - For Riders\",\"isPartOf\":{\"@id\":\"https:\/\/forriders.es\/#website\"},\"datePublished\":\"2017-11-15T11:20:59+00:00\",\"dateModified\":\"2018-01-09T08:51:17+00:00\",\"breadcrumb\":{\"@id\":\"https:\/\/forriders.es\/en\/terms-conditions\/#breadcrumb\"},\"inLanguage\":\"en-US\",\"potentialAction\":[{\"@type\":\"ReadAction\",\"target\":[\"https:\/\/forriders.es\/en\/terms-conditions\/\"]}]},{\"@type\":\"BreadcrumbList\",\"@id\":\"https:\/\/forriders.es\/en\/terms-conditions\/#breadcrumb\",\"itemListElement\":[{\"@type\":\"ListItem\",\"position\":1,\"name\":\"Portada\",\"item\":\"https:\/\/forriders.es\/en\/\"},{\"@type\":\"ListItem\",\"position\":2,\"name\":\"Terms &#038; Conditions\"}]},{\"@type\":\"WebSite\",\"@id\":\"https:\/\/forriders.es\/#website\",\"url\":\"https:\/\/forriders.es\/\",\"name\":\"For Riders\",\"description\":\"Bike Shop\",\"potentialAction\":[{\"@type\":\"SearchAction\",\"target\":{\"@type\":\"EntryPoint\",\"urlTemplate\":\"https:\/\/forriders.es\/?s={search_term_string}\"},\"query-input\":\"required name=search_term_string\"}],\"inLanguage\":\"en-US\"}]}<\/script>\n<!-- \/ Yoast SEO plugin. -->","yoast_head_json":{"title":"Terms & Conditions - For Riders","robots":{"index":"index","follow":"follow","max-snippet":"max-snippet:-1","max-image-preview":"max-image-preview:large","max-video-preview":"max-video-preview:-1"},"canonical":"https:\/\/forriders.es\/en\/terms-conditions\/","og_locale":"en_US","og_type":"article","og_title":"Terms & Conditions - For Riders","og_description":"TERMS &amp; CONDITIONS RETURN POLICY In For Riders Bike Shop we are concerned about the satisfaction of our customers. If for some reason you are not fully satisfied with your purchase, you have a period of 15 days to return the product and exchange it for any other product of the store, as long as [&hellip;]","og_url":"https:\/\/forriders.es\/en\/terms-conditions\/","og_site_name":"For Riders","article_modified_time":"2018-01-09T08:51:17+00:00","twitter_card":"summary_large_image","twitter_misc":{"Est. reading time":"2 minutes"},"schema":{"@context":"https:\/\/schema.org","@graph":[{"@type":"WebPage","@id":"https:\/\/forriders.es\/en\/terms-conditions\/","url":"https:\/\/forriders.es\/en\/terms-conditions\/","name":"Terms & Conditions - For Riders","isPartOf":{"@id":"https:\/\/forriders.es\/#website"},"datePublished":"2017-11-15T11:20:59+00:00","dateModified":"2018-01-09T08:51:17+00:00","breadcrumb":{"@id":"https:\/\/forriders.es\/en\/terms-conditions\/#breadcrumb"},"inLanguage":"en-US","potentialAction":[{"@type":"ReadAction","target":["https:\/\/forriders.es\/en\/terms-conditions\/"]}]},{"@type":"BreadcrumbList","@id":"https:\/\/forriders.es\/en\/terms-conditions\/#breadcrumb","itemListElement":[{"@type":"ListItem","position":1,"name":"Portada","item":"https:\/\/forriders.es\/en\/"},{"@type":"ListItem","position":2,"name":"Terms &#038; Conditions"}]},{"@type":"WebSite","@id":"https:\/\/forriders.es\/#website","url":"https:\/\/forriders.es\/","name":"For Riders","description":"Bike Shop","potentialAction":[{"@type":"SearchAction","target":{"@type":"EntryPoint","urlTemplate":"https:\/\/forriders.es\/?s={search_term_string}"},"query-input":"required name=search_term_string"}],"inLanguage":"en-US"}]}},"_links":{"self":[{"href":"https:\/\/forriders.es\/en\/wp-json\/wp\/v2\/pages\/640\/"}],"collection":[{"href":"https:\/\/forriders.es\/en\/wp-json\/wp\/v2\/pages\/"}],"about":[{"href":"https:\/\/forriders.es\/en\/wp-json\/wp\/v2\/types\/page\/"}],"author":[{"embeddable":true,"href":"https:\/\/forriders.es\/en\/wp-json\/wp\/v2\/users\/1\/"}],"replies":[{"embeddable":true,"href":"https:\/\/forriders.es\/en\/wp-json\/wp\/v2\/comments\/?post=640"}],"version-history":[{"count":2,"href":"https:\/\/forriders.es\/en\/wp-json\/wp\/v2\/pages\/640\/revisions\/"}],"predecessor-version":[{"id":643,"href":"https:\/\/forriders.es\/en\/wp-json\/wp\/v2\/pages\/640\/revisions\/643\/"}],"wp:attachment":[{"href":"https:\/\/forriders.es\/en\/wp-json\/wp\/v2\/media\/?parent=640"}],"curies":[{"name":"wp","href":"https:\/\/api.w.org\/{rel}","templated":true}]}}