{"id":612,"date":"2017-10-26T09:02:24","date_gmt":"2017-10-26T09:02:24","guid":{"rendered":"http:\/\/forriders.es\/eventos-forriders\/"},"modified":"2018-01-08T11:01:16","modified_gmt":"2018-01-08T11:01:16","slug":"events-forriders","status":"publish","type":"page","link":"https:\/\/forriders.es\/en\/events-forriders\/","title":{"rendered":"Events"},"content":{"rendered":"<p>[et_pb_section fb_built=&#8221;1&#8243; fullwidth=&#8221;on&#8221; _builder_version=&#8221;3.0.71&#8243;][et_pb_fullwidth_header title=&#8221;events&#8221; background_layout=&#8221;dark&#8221; text_orientation=&#8221;center&#8221; header_scroll_down=&#8221;on&#8221; scroll_down_icon=&#8221;%%1%%&#8221; background_overlay_color=&#8221;rgba(221,10,27,0)&#8221; disabled_on=&#8221;off|off|off&#8221; _builder_version=&#8221;3.0.71&#8243; title_font_size=&#8221;46px&#8221; background_color=&#8221;#dd0a1b&#8221; background_image=&#8221;https:\/\/forriders.es\/wp-content\/uploads\/2017\/10\/forriders-slide-09.jpg&#8221;][\/et_pb_fullwidth_header][\/et_pb_section][et_pb_section fb_built=&#8221;1&#8243; _builder_version=&#8221;3.0.71&#8243; custom_padding=&#8221;39px|0px|0px|0px&#8221;][et_pb_row _builder_version=&#8221;3.0.71&#8243;][et_pb_column type=&#8221;4_4&#8243; _builder_version=&#8221;3.0.71&#8243; parallax=&#8221;off&#8221; parallax_method=&#8221;on&#8221;][et_pb_text _builder_version=&#8221;3.0.71&#8243;][tribe_events view=&#8221;list&#8221;]<br \/>\n[\/et_pb_text][\/et_pb_column][\/et_pb_row][\/et_pb_section]<\/p>\n<!-- AddThis Advanced Settings generic via filter on the_content --><!-- AddThis Share Buttons generic via filter on the_content -->","protected":false},"excerpt":{"rendered":"<p>[tribe_events view=&#8221;list&#8221;]<\/p>\n<p><!-- AddThis Advanced Settings generic via filter on get_the_excerpt --><!-- AddThis Share Buttons generic via filter on get_the_excerpt --><\/p>\n","protected":false},"author":1,"featured_media":0,"parent":0,"menu_order":0,"comment_status":"closed","ping_status":"closed","template":"","meta":{"_et_pb_use_builder":"on","_et_pb_old_content":"","_et_gb_content_width":"","_monsterinsights_skip_tracking":false,"_monsterinsights_sitenote_active":false,"_monsterinsights_sitenote_note":"","_monsterinsights_sitenote_category":0,"_joinchat":[]},"yoast_head":"<!-- This site is optimized with the Yoast SEO plugin v19.10 - https:\/\/yoast.com\/wordpress\/plugins\/seo\/ -->\n<title>Eventos For Riders | Rutas, salidas en bici y eventos<\/title>\n<meta name=\"description\" content=\"S\u00ed quieres estar al d\u00eda de los eventos For Riders no te pierdas \u00e9sta secci\u00f3n: Rutas, salidas en bici y eventos deportivos sobre ciclismo.\" \/>\n<meta name=\"robots\" content=\"index, follow, max-snippet:-1, max-image-preview:large, max-video-preview:-1\" \/>\n<link rel=\"canonical\" href=\"https:\/\/forriders.es\/en\/events-forriders\/\" \/>\n<meta property=\"og:locale\" content=\"en_US\" \/>\n<meta property=\"og:type\" content=\"article\" \/>\n<meta property=\"og:title\" content=\"Eventos For Riders | Rutas, salidas en bici y eventos\" \/>\n<meta property=\"og:description\" content=\"S\u00ed quieres estar al d\u00eda de los eventos For Riders no te pierdas \u00e9sta secci\u00f3n: Rutas, salidas en bici y eventos deportivos sobre ciclismo.\" \/>\n<meta property=\"og:url\" content=\"https:\/\/forriders.es\/en\/events-forriders\/\" \/>\n<meta property=\"og:site_name\" content=\"For Riders\" \/>\n<meta property=\"article:modified_time\" content=\"2018-01-08T11:01:16+00:00\" \/>\n<meta name=\"twitter:card\" content=\"summary_large_image\" \/>\n<meta name=\"twitter:label1\" content=\"Est. reading time\" \/>\n\t<meta name=\"twitter:data1\" content=\"1 minute\" \/>\n<script type=\"application\/ld+json\" class=\"yoast-schema-graph\">{\"@context\":\"https:\/\/schema.org\",\"@graph\":[{\"@type\":\"WebPage\",\"@id\":\"https:\/\/forriders.es\/en\/events-forriders\/\",\"url\":\"https:\/\/forriders.es\/en\/events-forriders\/\",\"name\":\"Eventos For Riders | Rutas, salidas en bici y eventos\",\"isPartOf\":{\"@id\":\"https:\/\/forriders.es\/#website\"},\"datePublished\":\"2017-10-26T09:02:24+00:00\",\"dateModified\":\"2018-01-08T11:01:16+00:00\",\"description\":\"S\u00ed quieres estar al d\u00eda de los eventos For Riders no te pierdas \u00e9sta secci\u00f3n: Rutas, salidas en bici y eventos deportivos sobre ciclismo.\",\"breadcrumb\":{\"@id\":\"https:\/\/forriders.es\/en\/events-forriders\/#breadcrumb\"},\"inLanguage\":\"en-US\",\"potentialAction\":[{\"@type\":\"ReadAction\",\"target\":[\"https:\/\/forriders.es\/en\/events-forriders\/\"]}]},{\"@type\":\"BreadcrumbList\",\"@id\":\"https:\/\/forriders.es\/en\/events-forriders\/#breadcrumb\",\"itemListElement\":[{\"@type\":\"ListItem\",\"position\":1,\"name\":\"Portada\",\"item\":\"https:\/\/forriders.es\/en\/\"},{\"@type\":\"ListItem\",\"position\":2,\"name\":\"Events\"}]},{\"@type\":\"WebSite\",\"@id\":\"https:\/\/forriders.es\/#website\",\"url\":\"https:\/\/forriders.es\/\",\"name\":\"For Riders\",\"description\":\"Bike Shop\",\"potentialAction\":[{\"@type\":\"SearchAction\",\"target\":{\"@type\":\"EntryPoint\",\"urlTemplate\":\"https:\/\/forriders.es\/?s={search_term_string}\"},\"query-input\":\"required name=search_term_string\"}],\"inLanguage\":\"en-US\"}]}<\/script>\n<!-- \/ Yoast SEO plugin. -->","yoast_head_json":{"title":"Eventos For Riders | Rutas, salidas en bici y eventos","description":"S\u00ed quieres estar al d\u00eda de los eventos For Riders no te pierdas \u00e9sta secci\u00f3n: Rutas, salidas en bici y eventos deportivos sobre ciclismo.","robots":{"index":"index","follow":"follow","max-snippet":"max-snippet:-1","max-image-preview":"max-image-preview:large","max-video-preview":"max-video-preview:-1"},"canonical":"https:\/\/forriders.es\/en\/events-forriders\/","og_locale":"en_US","og_type":"article","og_title":"Eventos For Riders | Rutas, salidas en bici y eventos","og_description":"S\u00ed quieres estar al d\u00eda de los eventos For Riders no te pierdas \u00e9sta secci\u00f3n: Rutas, salidas en bici y eventos deportivos sobre ciclismo.","og_url":"https:\/\/forriders.es\/en\/events-forriders\/","og_site_name":"For Riders","article_modified_time":"2018-01-08T11:01:16+00:00","twitter_card":"summary_large_image","twitter_misc":{"Est. reading time":"1 minute"},"schema":{"@context":"https:\/\/schema.org","@graph":[{"@type":"WebPage","@id":"https:\/\/forriders.es\/en\/events-forriders\/","url":"https:\/\/forriders.es\/en\/events-forriders\/","name":"Eventos For Riders | Rutas, salidas en bici y eventos","isPartOf":{"@id":"https:\/\/forriders.es\/#website"},"datePublished":"2017-10-26T09:02:24+00:00","dateModified":"2018-01-08T11:01:16+00:00","description":"S\u00ed quieres estar al d\u00eda de los eventos For Riders no te pierdas \u00e9sta secci\u00f3n: Rutas, salidas en bici y eventos deportivos sobre ciclismo.","breadcrumb":{"@id":"https:\/\/forriders.es\/en\/events-forriders\/#breadcrumb"},"inLanguage":"en-US","potentialAction":[{"@type":"ReadAction","target":["https:\/\/forriders.es\/en\/events-forriders\/"]}]},{"@type":"BreadcrumbList","@id":"https:\/\/forriders.es\/en\/events-forriders\/#breadcrumb","itemListElement":[{"@type":"ListItem","position":1,"name":"Portada","item":"https:\/\/forriders.es\/en\/"},{"@type":"ListItem","position":2,"name":"Events"}]},{"@type":"WebSite","@id":"https:\/\/forriders.es\/#website","url":"https:\/\/forriders.es\/","name":"For Riders","description":"Bike Shop","potentialAction":[{"@type":"SearchAction","target":{"@type":"EntryPoint","urlTemplate":"https:\/\/forriders.es\/?s={search_term_string}"},"query-input":"required name=search_term_string"}],"inLanguage":"en-US"}]}},"_links":{"self":[{"href":"https:\/\/forriders.es\/en\/wp-json\/wp\/v2\/pages\/612\/"}],"collection":[{"href":"https:\/\/forriders.es\/en\/wp-json\/wp\/v2\/pages\/"}],"about":[{"href":"https:\/\/forriders.es\/en\/wp-json\/wp\/v2\/types\/page\/"}],"author":[{"embeddable":true,"href":"https:\/\/forriders.es\/en\/wp-json\/wp\/v2\/users\/1\/"}],"replies":[{"embeddable":true,"href":"https:\/\/forriders.es\/en\/wp-json\/wp\/v2\/comments\/?post=612"}],"version-history":[{"count":2,"href":"https:\/\/forriders.es\/en\/wp-json\/wp\/v2\/pages\/612\/revisions\/"}],"predecessor-version":[{"id":615,"href":"https:\/\/forriders.es\/en\/wp-json\/wp\/v2\/pages\/612\/revisions\/615\/"}],"wp:attachment":[{"href":"https:\/\/forriders.es\/en\/wp-json\/wp\/v2\/media\/?parent=612"}],"curies":[{"name":"wp","href":"https:\/\/api.w.org\/{rel}","templated":true}]}}